{"id":5262,"date":"2024-10-31T16:30:49","date_gmt":"2024-10-31T14:30:49","guid":{"rendered":"https:\/\/sensua.lv\/?page_id=5262"},"modified":"2024-11-15T13:52:00","modified_gmt":"2024-11-15T11:52:00","slug":"kontakti","status":"publish","type":"page","link":"https:\/\/bruklene.com\/en\/kontakti\/","title":{"rendered":"Contact"},"content":{"rendered":"<section class=\"vc_row liquid-row-shadowbox-69f8c06481839 vc_column-gap-0\"><div class=\"ld-container container-fluid\"><div class=\"row ld-row ld-row-outer vc_row-o-equal-height vc_row-o-content-middle vc_row-flex\"><div class=\"wpb_column vc_column_container vc_col-sm-6 vc_hidden-sm vc_hidden-xs liquid-column-69f8c06481bc9\"><div class=\"vc_column-inner  \" ><div class=\"wpb_wrapper\"  ><div class=\"ld-gmap-container ld_google_map_69f8c06481ca6\" id=\"ld_google_map_69f8c06481ca6\" style=\"height: 740px\">\n\n\t<div class=\"ld-gmap\" data-plugin-map=\"true\" data-plugin-options='{\"style\":\"classic\",\"address\":\"T\\u012bn\\u016b\\u017eu \\u0161oseja 9 - 3, Ik\\u0161\\u0137ile, Ogres nov., LV-5052\",\"marker\":\"https:\\\/\\\/bruklene.com\\\/wp-content\\\/plugins\\\/hub-core\\\/assets\\\/img\\\/markers\\\/map-pin.svg\",\"markers\":null,\"map\":{\"zoom\":11,\"mapTypeId\":\"roadmap\",\"fullscreenControl\":true},\"marker_style\":\"html\"}'><\/div>\n\n<\/div><\/div><\/div><\/div><div class=\"wpb_column vc_column_container vc_col-sm-6 liquid-column-69f8c06482f34 lqd-column-top-ontablet lqd-column-top-onmobile\"><div class=\"vc_column-inner  vc_custom_1694005555402\" ><div class=\"wpb_wrapper\"  ><style>.ld_fancy_heading_69f8c06483151 h3 {margin-bottom:1em !important;  } .ld_fancy_heading_69f8c06483151 .lqd-highlight-inner{height:0.275em!important;bottom:0px!important;}.ld_fancy_heading_69f8c06483151 h3 {margin-bottom:1em !important;  } <\/style><div class=\"ld-fancy-heading ld_fancy_heading_69f8c06483151\">\n\t<h3 class=\"ld-fh-element lqd-highlight-underline lqd-highlight-grow-left text-decoration-default\"   >  \u0112rt\u0101kai sazi\u0146ai, izmantojiet zem\u0101k redzamo formu.<\/h3><\/div><style>.ld_fancy_heading_69f8c06483ade p {margin-bottom:2em !important;  } @media (min-width: 992px) { .ld_fancy_heading_69f8c06483ade p {margin-right:2vw !important;  }  } .ld_fancy_heading_69f8c06483ade .lqd-highlight-inner{height:0.275em!important;bottom:0px!important;}.ld_fancy_heading_69f8c06483ade p {margin-bottom:2em !important;  } @media (min-width: 992px) { .ld_fancy_heading_69f8c06483ade p {margin-right:2vw !important;  }  } <\/style><div class=\"ld-fancy-heading ld_fancy_heading_69f8c06483ade\">\n\t<p class=\"ld-fh-element lqd-highlight-underline lqd-highlight-grow-left text-decoration-default\"   >  Vai ar\u012b rakstiet uz e-pastu <a href=\"mailto:info@bruklene.com\" target=\"_blank\" rel=\"noopener\">info@bruklene.com<\/a>, vai zvaniet +371 28 877 778.<\/p><\/div><style>.ld_cf7_69f8c0648437c input,.ld_cf7_69f8c0648437c textarea,.ld_cf7_69f8c0648437c .ui-button.ui-selectmenu-button{font-size:14px;font-weight:400;}.ld_cf7_69f8c0648437c input[type=\"submit\"]{background:#c1a192;color:rgb(255, 255, 255);border-color:#c1a192;}.ld_cf7_69f8c0648437c input, .ld_cf7_69f8c0648437c select, .ld_cf7_69f8c0648437c textarea, .ld_cf7_69f8c0648437c .ui-button.ui-selectmenu-button{background:rgb(255, 255, 255);}.ld_cf7_69f8c0648437c input, .ld_cf7_69f8c0648437c select, .ld_cf7_69f8c0648437c textarea, .ld_cf7_69f8c0648437c .ui-button.ui-selectmenu-button, .ld_cf7_69f8c0648437c .wpcf7-form-control-wrap > i, .ld_cf7_69f8c0648437c .wpcf7-radio{color:#151f28;}.ld_cf7_69f8c0648437c input[type=\"submit\"]:focus,.ld_cf7_69f8c0648437c input[type=\"submit\"]:hover{background:rgb(0, 0, 0);}.ld_cf7_69f8c0648437c input[type=\"submit\"]:hover{border-color:rgb(0, 0, 0);}.ld_cf7_69f8c0648437c .wpcf7-form-control-wrap{margin-bottom:20px;}<\/style><div id=\"ld_cf7_69f8c0648437c\" class=\"lqd-contact-form lqd-contact-form-inputs-filled lqd-contact-form-inputs-circle lqd-contact-form-button-md lqd-contact-form-button-circle ld_cf7_69f8c0648437c vc_custom_1731671516234\">\n\t\n<div class=\"wpcf7 no-js\" id=\"wpcf7-f9-o1\" lang=\"en-GB\" dir=\"ltr\" data-wpcf7-id=\"9\">\n<div class=\"screen-reader-response\"><p role=\"status\" aria-live=\"polite\" aria-atomic=\"true\"><\/p> <ul><\/ul><\/div>\n<form action=\"\/en\/wp-json\/wp\/v2\/pages\/5262#wpcf7-f9-o1\" method=\"post\" class=\"wpcf7-form init wpcf7-acceptance-as-validation\" aria-label=\"Contact form\" novalidate=\"novalidate\" data-status=\"init\">\n<fieldset class=\"hidden-fields-container\"><input type=\"hidden\" name=\"_wpcf7\" value=\"9\" \/><input type=\"hidden\" name=\"_wpcf7_version\" value=\"6.1.5\" \/><input type=\"hidden\" name=\"_wpcf7_locale\" value=\"en_GB\" \/><input type=\"hidden\" name=\"_wpcf7_unit_tag\" value=\"wpcf7-f9-o1\" \/><input type=\"hidden\" name=\"_wpcf7_container_post\" value=\"0\" \/><input type=\"hidden\" name=\"_wpcf7_posted_data_hash\" value=\"\" \/>\n<\/fieldset>\n<div class=\"row\">\n\t<div class=\"col-md-12\">\n\t\t<p><span class=\"wpcf7-form-control-wrap\" data-name=\"full-name\"><input size=\"40\" maxlength=\"400\" class=\"wpcf7-form-control wpcf7-text wpcf7-validates-as-required\" aria-required=\"true\" aria-invalid=\"false\" placeholder=\"J\u016bsu v\u0101rds\" value=\"\" type=\"text\" name=\"full-name\" \/><\/span><i class=\"lqd-icn-ess icon-lqd-user\"><\/i>\n\t\t<\/p>\n\t<\/div>\n\t<div class=\"col-md-6\">\n\t\t<p><span class=\"wpcf7-form-control-wrap\" data-name=\"your-email\"><input size=\"40\" maxlength=\"400\" class=\"wpcf7-form-control wpcf7-email wpcf7-validates-as-required wpcf7-text wpcf7-validates-as-email\" aria-required=\"true\" aria-invalid=\"false\" placeholder=\"E-pasts\" value=\"\" type=\"email\" name=\"your-email\" \/><\/span><i class=\"lqd-icn-ess icon-lqd-envelope\"><\/i>\n\t\t<\/p>\n\t<\/div>\n\t<div class=\"col-md-6\">\n\t\t<p><span class=\"wpcf7-form-control-wrap\" data-name=\"your-telephone\"><input size=\"40\" maxlength=\"400\" class=\"wpcf7-form-control wpcf7-tel wpcf7-text wpcf7-validates-as-tel\" aria-invalid=\"false\" placeholder=\"Telefons\" value=\"\" type=\"tel\" name=\"your-telephone\" \/><\/span><i class=\"lqd-icn-ess icon-speech-bubble\"><\/i>\n\t\t<\/p>\n\t<\/div>\n\t<div class=\"col-md-12\">\n\t\t<p><span class=\"wpcf7-form-control-wrap\" data-name=\"your-message\"><textarea cols=\"10\" rows=\"4\" maxlength=\"2000\" class=\"wpcf7-form-control wpcf7-textarea wpcf7-validates-as-required\" aria-required=\"true\" aria-invalid=\"false\" placeholder=\"J\u016bsu zi\u0146a\" name=\"your-message\"><\/textarea><\/span>\n\t\t<\/p>\n\t<\/div>\n\t<div class=\"col-md-12\">\n\t\t<p><span class=\"wpcf7-form-control-wrap\" data-name=\"acceptance-89\"><span class=\"wpcf7-form-control wpcf7-acceptance\"><span class=\"wpcf7-list-item\"><label><input type=\"checkbox\" name=\"acceptance-89\" value=\"1\" checked=\"checked\" aria-invalid=\"false\" \/><span class=\"wpcf7-list-item-label\"><span>Atst\u0101jot atz\u012bm\u0113tu lodzi\u0146u, J\u016bs piekr\u012btat m\u016bsu <a href=\"https:\/\/bruklene.com\/privatuma-politika\/\" target=\"_blank\">priv\u0101tuma politikai<\/a>, lai ar Jums sazin\u0101tos.<\/span><\/span><\/label><\/span><\/span><\/span>\n\t\t<\/p>\n\t<\/div>\n\t<div class=\"col-md-12\">\n\t\t<p><input class=\"wpcf7-form-control wpcf7-submit has-spinner\" type=\"submit\" value=\"NOS\u016aT\u012aT\" \/>\n\t\t<\/p>\n\t<\/div>\n<\/div><div class=\"wpcf7-response-output\" aria-hidden=\"true\"><\/div>\n<\/form>\n<\/div>\n<\/div><\/div><\/div><\/div><\/div><\/div><\/section>\n","protected":false},"excerpt":{"rendered":"\u0112rt\u0101kai sazi\u0146ai, izmantojiet zem\u0101k redzamo formu. Vai ar\u012b rakstiet uz e-pastu info@bruklene.com, vai zvaniet +371 28 877 778. Atst\u0101jot atz\u012bm\u0113tu lodzi\u0146u, J\u016bs piekr\u012btat m\u016bsu priv\u0101tuma politikai, lai ar Jums sazin\u0101tos.","protected":false},"author":1,"featured_media":0,"parent":0,"menu_order":0,"comment_status":"closed","ping_status":"closed","template":"","meta":{"footnotes":""},"class_list":["post-5262","page","type-page","status-publish","hentry"],"yoast_head":"<!-- This site is optimized with the Yoast SEO plugin v27.3 - https:\/\/yoast.com\/product\/yoast-seo-wordpress\/ -->\n<title>Kontakti - BR\u016aKLENE Woodworks<\/title>\n<meta name=\"robots\" content=\"index, follow, max-snippet:-1, max-image-preview:large, max-video-preview:-1\" \/>\n<link rel=\"canonical\" href=\"https:\/\/bruklene.com\/en\/kontakti\/\" \/>\n<meta property=\"og:locale\" content=\"en_GB\" \/>\n<meta property=\"og:type\" content=\"article\" \/>\n<meta property=\"og:title\" content=\"Kontakti - BR\u016aKLENE Woodworks\" \/>\n<meta property=\"og:url\" content=\"https:\/\/bruklene.com\/en\/kontakti\/\" \/>\n<meta property=\"og:site_name\" content=\"BR\u016aKLENE Woodworks\" \/>\n<meta property=\"article:modified_time\" content=\"2024-11-15T11:52:00+00:00\" \/>\n<meta name=\"twitter:card\" content=\"summary_large_image\" \/>\n<meta name=\"twitter:label1\" content=\"Estimated reading time\" \/>\n\t<meta name=\"twitter:data1\" content=\"1 minute\" \/>\n<script type=\"application\/ld+json\" class=\"yoast-schema-graph\">{\"@context\":\"https:\\\/\\\/schema.org\",\"@graph\":[{\"@type\":\"WebPage\",\"@id\":\"https:\\\/\\\/bruklene.com\\\/kontakti\\\/\",\"url\":\"https:\\\/\\\/bruklene.com\\\/kontakti\\\/\",\"name\":\"Kontakti - BR\u016aKLENE Woodworks\",\"isPartOf\":{\"@id\":\"https:\\\/\\\/bruklene.com\\\/#website\"},\"datePublished\":\"2024-10-31T14:30:49+00:00\",\"dateModified\":\"2024-11-15T11:52:00+00:00\",\"breadcrumb\":{\"@id\":\"https:\\\/\\\/bruklene.com\\\/kontakti\\\/#breadcrumb\"},\"inLanguage\":\"en-GB\",\"potentialAction\":[{\"@type\":\"ReadAction\",\"target\":[\"https:\\\/\\\/bruklene.com\\\/kontakti\\\/\"]}]},{\"@type\":\"BreadcrumbList\",\"@id\":\"https:\\\/\\\/bruklene.com\\\/kontakti\\\/#breadcrumb\",\"itemListElement\":[{\"@type\":\"ListItem\",\"position\":1,\"name\":\"Home\",\"item\":\"https:\\\/\\\/bruklene.com\\\/\"},{\"@type\":\"ListItem\",\"position\":2,\"name\":\"Kontakti\"}]},{\"@type\":\"WebSite\",\"@id\":\"https:\\\/\\\/bruklene.com\\\/#website\",\"url\":\"https:\\\/\\\/bruklene.com\\\/\",\"name\":\"BR\u016aKLENE\",\"description\":\"Ozolkoka virtuves d\u0113l\u012b\u0161i\",\"potentialAction\":[{\"@type\":\"SearchAction\",\"target\":{\"@type\":\"EntryPoint\",\"urlTemplate\":\"https:\\\/\\\/bruklene.com\\\/?s={search_term_string}\"},\"query-input\":{\"@type\":\"PropertyValueSpecification\",\"valueRequired\":true,\"valueName\":\"search_term_string\"}}],\"inLanguage\":\"en-GB\"}]}<\/script>\n<!-- \/ Yoast SEO plugin. -->","yoast_head_json":{"title":"Kontakti - BR\u016aKLENE Woodworks","robots":{"index":"index","follow":"follow","max-snippet":"max-snippet:-1","max-image-preview":"max-image-preview:large","max-video-preview":"max-video-preview:-1"},"canonical":"https:\/\/bruklene.com\/en\/kontakti\/","og_locale":"en_GB","og_type":"article","og_title":"Kontakti - BR\u016aKLENE Woodworks","og_url":"https:\/\/bruklene.com\/en\/kontakti\/","og_site_name":"BR\u016aKLENE Woodworks","article_modified_time":"2024-11-15T11:52:00+00:00","twitter_card":"summary_large_image","twitter_misc":{"Estimated reading time":"1 minute"},"schema":{"@context":"https:\/\/schema.org","@graph":[{"@type":"WebPage","@id":"https:\/\/bruklene.com\/kontakti\/","url":"https:\/\/bruklene.com\/kontakti\/","name":"Kontakti - BR\u016aKLENE Woodworks","isPartOf":{"@id":"https:\/\/bruklene.com\/#website"},"datePublished":"2024-10-31T14:30:49+00:00","dateModified":"2024-11-15T11:52:00+00:00","breadcrumb":{"@id":"https:\/\/bruklene.com\/kontakti\/#breadcrumb"},"inLanguage":"en-GB","potentialAction":[{"@type":"ReadAction","target":["https:\/\/bruklene.com\/kontakti\/"]}]},{"@type":"BreadcrumbList","@id":"https:\/\/bruklene.com\/kontakti\/#breadcrumb","itemListElement":[{"@type":"ListItem","position":1,"name":"Home","item":"https:\/\/bruklene.com\/"},{"@type":"ListItem","position":2,"name":"Kontakti"}]},{"@type":"WebSite","@id":"https:\/\/bruklene.com\/#website","url":"https:\/\/bruklene.com\/","name":"BR\u016aKLENE","description":"Ozolkoka virtuves d\u0113l\u012b\u0161i","potentialAction":[{"@type":"SearchAction","target":{"@type":"EntryPoint","urlTemplate":"https:\/\/bruklene.com\/?s={search_term_string}"},"query-input":{"@type":"PropertyValueSpecification","valueRequired":true,"valueName":"search_term_string"}}],"inLanguage":"en-GB"}]}},"_links":{"self":[{"href":"https:\/\/bruklene.com\/en\/wp-json\/wp\/v2\/pages\/5262","targetHints":{"allow":["GET"]}}],"collection":[{"href":"https:\/\/bruklene.com\/en\/wp-json\/wp\/v2\/pages"}],"about":[{"href":"https:\/\/bruklene.com\/en\/wp-json\/wp\/v2\/types\/page"}],"author":[{"embeddable":true,"href":"https:\/\/bruklene.com\/en\/wp-json\/wp\/v2\/users\/1"}],"replies":[{"embeddable":true,"href":"https:\/\/bruklene.com\/en\/wp-json\/wp\/v2\/comments?post=5262"}],"version-history":[{"count":0,"href":"https:\/\/bruklene.com\/en\/wp-json\/wp\/v2\/pages\/5262\/revisions"}],"wp:attachment":[{"href":"https:\/\/bruklene.com\/en\/wp-json\/wp\/v2\/media?parent=5262"}],"curies":[{"name":"wp","href":"https:\/\/api.w.org\/{rel}","templated":true}]}}