{"id":5963,"date":"2024-11-15T21:32:20","date_gmt":"2024-11-15T19:32:20","guid":{"rendered":"https:\/\/bruklene.com\/?page_id=5963"},"modified":"2024-12-05T11:29:12","modified_gmt":"2024-12-05T09:29:12","slug":"atsauksmes","status":"publish","type":"page","link":"https:\/\/bruklene.com\/en\/atsauksmes\/","title":{"rendered":"Reviews"},"content":{"rendered":"<section data-row-bg=\"https:\/\/bruklene.com\/wp-content\/uploads\/2024\/11\/bg3.jpg?id=5833\" style=\"background-position:center top !important;\" data-bg-image=\"url\" class=\"vc_row vc_custom_1733390950681 liquid-row-shadowbox-69f8c02696e9b vc_row-has-fill vc_row-has-bg lqd-has-bg-markup row-bg-appended\"><span class=\"row-bg-loader\"><\/span><div class=\"row-bg-wrap\">\n\t\t<div class=\"row-bg-inner\">\n\t\t\t<figure class=\"row-bg\" ><\/figure>\n\t\t<\/div>\n\t<\/div><div class=\"liquid-row-overlay\" style=\"background:rgba(0, 0, 0, 0.6)\"><\/div><div class=\"ld-container container\"><div class=\"row ld-row ld-row-outer\"><div class=\"wpb_column vc_column_container vc_col-sm-12 vc_col-md-6 liquid-column-69f8c02697180\"><div class=\"vc_column-inner\" ><div class=\"wpb_wrapper\"  data-custom-animations=\"true\" data-ca-options='{\"triggerHandler\":\"inview\",\"animationTarget\":\"all-childs\",\"duration\":\"1600\",\"delay\":\"160\",\"ease\":\"power4.out\",\"direction\":\"forward\",\"initValues\":{\"y\":70,\"transformOriginX\":50,\"transformOriginY\":50,\"transformOriginZ\":\"0px\",\"opacity\":0},\"animations\":{\"y\":0,\"transformOriginX\":50,\"transformOriginY\":50,\"transformOriginZ\":\"0px\",\"opacity\":1}}'><style>.ld_fancy_heading_69f8c0269728c h1{color:rgb(255, 255, 255);}.ld_fancy_heading_69f8c0269728c h1 {margin-bottom:30px !important;  } .ld_fancy_heading_69f8c0269728c .lqd-highlight-inner{height:0.275em!important;bottom:0px!important;}.ld_fancy_heading_69f8c0269728c h1 {margin-bottom:30px !important;  } <\/style><div class=\"ld-fancy-heading mask-text ld_fancy_heading_69f8c0269728c\">\n\t<h1 class=\"ld-fh-element lqd-highlight-underline lqd-highlight-grow-left text-decoration-default lqd-split-lines\"   data-split-text=\"true\" data-split-options='{\"type\":\"lines\"}'>  Reviews from customers<\/h1><\/div><style>.ld_fancy_heading_69f8c02697b88 p{color:rgb(255, 255, 255);}.ld_fancy_heading_69f8c02697b88 p {font-size:18px; } .ld_fancy_heading_69f8c02697b88 p {line-height:1.3em; } .ld_fancy_heading_69f8c02697b88 p {--element-line-height:1.3em; } .ld_fancy_heading_69f8c02697b88 .lqd-highlight-inner{height:0.275em!important;bottom:0px!important;}.ld_fancy_heading_69f8c02697b88 p {font-size:18px; } .ld_fancy_heading_69f8c02697b88 p {line-height:1.3em; } .ld_fancy_heading_69f8c02697b88 p {--element-line-height:1.3em; } <\/style><div class=\"ld-fancy-heading ld_fancy_heading_69f8c02697b88\">\n\t<p class=\"ld-fh-element lqd-highlight-underline lqd-highlight-grow-left text-decoration-default lqd-split-lines\"   data-split-text=\"true\" data-split-options='{\"type\":\"lines\"}'>  What warms our hearts the most is your appreciation and words of thanks for the work. Mutual joy is double the joy! \u2764\ufe0f<\/p><\/div><\/div><\/div><\/div><\/div><\/div><\/section><section class=\"vc_row vc_custom_1728556012898 liquid-row-shadowbox-69f8c02697f6f\"><div class=\"ld-container container\"><div class=\"row ld-row ld-row-outer\"><div class=\"wpb_column vc_column_container vc_col-sm-3 liquid-column-69f8c026980ec\"><div class=\"vc_column-inner\" ><div class=\"wpb_wrapper\"  >\n\t<div  class=\"wpb_single_image wpb_content_element vc_align_  liquid_vc_single_image-69f8c02698da3\">\n\t\t\n\t\t<figure class=\"wpb_wrapper vc_figure\">\n\t\t\t<a class=\"fresco\" data-fresco-group=\"group-6178\" href=\"https:\/\/bruklene.com\/wp-content\/uploads\/2024\/12\/atsauksme_1.png\"><img decoding=\"async\" width=\"532\" height=\"331\" src=\"https:\/\/bruklene.com\/wp-content\/uploads\/2024\/12\/atsauksme_1.png\" class=\"vc_single_image-img attachment-full\" alt=\"\" title=\"atsauksme_1\" srcset=\"https:\/\/bruklene.com\/wp-content\/uploads\/2024\/12\/atsauksme_1.png 532w, https:\/\/bruklene.com\/wp-content\/uploads\/2024\/12\/atsauksme_1-300x187.png 300w, https:\/\/bruklene.com\/wp-content\/uploads\/2024\/12\/atsauksme_1-18x12.png 18w\" sizes=\"(max-width: 532px) 100vw, 532px\" itemprop=\"image\" \/><\/a>\n\t\t<\/figure>\n\t<\/div>\n<\/div><\/div><\/div><div class=\"wpb_column vc_column_container vc_col-sm-3 liquid-column-69f8c02698f09\"><div class=\"vc_column-inner\" ><div class=\"wpb_wrapper\"  >\n\t<div  class=\"wpb_single_image wpb_content_element vc_align_  liquid_vc_single_image-69f8c026a6002\">\n\t\t\n\t\t<figure class=\"wpb_wrapper vc_figure\">\n\t\t\t<a class=\"fresco\" data-fresco-group=\"group-6179\" href=\"https:\/\/bruklene.com\/wp-content\/uploads\/2024\/12\/atsauksme_2.png\"><img decoding=\"async\" width=\"530\" height=\"531\" src=\"data:image\/svg+xml;charset=utf-8,%3Csvg xmlns%3D&#039;http%3A%2F%2Fwww.w3.org%2F2000%2Fsvg&#039; viewBox%3D&#039;0 0 530 531&#039;%2F%3E\" class=\"vc_single_image-img attachment-full ld-lazyload\" alt=\"\" title=\"atsauksme_2\" itemprop=\"image\" data-src=\"https:\/\/bruklene.com\/wp-content\/uploads\/2024\/12\/atsauksme_2.png\" data-srcset=\"https:\/\/bruklene.com\/wp-content\/uploads\/2024\/12\/atsauksme_2.png 530w, https:\/\/bruklene.com\/wp-content\/uploads\/2024\/12\/atsauksme_2-300x300.png 300w, https:\/\/bruklene.com\/wp-content\/uploads\/2024\/12\/atsauksme_2-150x150.png 150w, https:\/\/bruklene.com\/wp-content\/uploads\/2024\/12\/atsauksme_2-12x12.png 12w\" data-sizes=\"(max-width: 530px) 100vw, 530px\" data-aspect=\"0.99811676082863\" \/><\/a>\n\t\t<\/figure>\n\t<\/div>\n<\/div><\/div><\/div><div class=\"wpb_column vc_column_container vc_col-sm-3 liquid-column-69f8c026a61ea\"><div class=\"vc_column-inner\" ><div class=\"wpb_wrapper\"  >\n\t<div  class=\"wpb_single_image wpb_content_element vc_align_  liquid_vc_single_image-69f8c026b1eaa\">\n\t\t\n\t\t<figure class=\"wpb_wrapper vc_figure\">\n\t\t\t<a class=\"fresco\" data-fresco-group=\"group-6180\" href=\"https:\/\/bruklene.com\/wp-content\/uploads\/2024\/12\/atsauksme_3.png\"><img decoding=\"async\" width=\"534\" height=\"289\" src=\"data:image\/svg+xml;charset=utf-8,%3Csvg xmlns%3D&#039;http%3A%2F%2Fwww.w3.org%2F2000%2Fsvg&#039; viewBox%3D&#039;0 0 534 289&#039;%2F%3E\" class=\"vc_single_image-img attachment-full ld-lazyload\" alt=\"\" title=\"atsauksme_3\" itemprop=\"image\" data-src=\"https:\/\/bruklene.com\/wp-content\/uploads\/2024\/12\/atsauksme_3.png\" data-srcset=\"https:\/\/bruklene.com\/wp-content\/uploads\/2024\/12\/atsauksme_3.png 534w, https:\/\/bruklene.com\/wp-content\/uploads\/2024\/12\/atsauksme_3-300x162.png 300w, https:\/\/bruklene.com\/wp-content\/uploads\/2024\/12\/atsauksme_3-18x10.png 18w\" data-sizes=\"(max-width: 534px) 100vw, 534px\" data-aspect=\"1.8477508650519\" \/><\/a>\n\t\t<\/figure>\n\t<\/div>\n<\/div><\/div><\/div><div class=\"wpb_column vc_column_container vc_col-sm-3 liquid-column-69f8c026b1fe6\"><div class=\"vc_column-inner\" ><div class=\"wpb_wrapper\"  >\n\t<div  class=\"wpb_single_image wpb_content_element vc_align_  liquid_vc_single_image-69f8c026bccbf\">\n\t\t\n\t\t<figure class=\"wpb_wrapper vc_figure\">\n\t\t\t<a class=\"fresco\" data-fresco-group=\"group-6181\" href=\"https:\/\/bruklene.com\/wp-content\/uploads\/2024\/12\/atsauksme_4.png\"><img decoding=\"async\" width=\"535\" height=\"275\" src=\"data:image\/svg+xml;charset=utf-8,%3Csvg xmlns%3D&#039;http%3A%2F%2Fwww.w3.org%2F2000%2Fsvg&#039; viewBox%3D&#039;0 0 535 275&#039;%2F%3E\" class=\"vc_single_image-img attachment-full ld-lazyload\" alt=\"\" title=\"atsauksme_4\" itemprop=\"image\" data-src=\"https:\/\/bruklene.com\/wp-content\/uploads\/2024\/12\/atsauksme_4.png\" data-srcset=\"https:\/\/bruklene.com\/wp-content\/uploads\/2024\/12\/atsauksme_4.png 535w, https:\/\/bruklene.com\/wp-content\/uploads\/2024\/12\/atsauksme_4-300x154.png 300w, https:\/\/bruklene.com\/wp-content\/uploads\/2024\/12\/atsauksme_4-18x9.png 18w\" data-sizes=\"(max-width: 535px) 100vw, 535px\" data-aspect=\"1.9454545454545\" \/><\/a>\n\t\t<\/figure>\n\t<\/div>\n<\/div><\/div><\/div><div class=\"wpb_column vc_column_container vc_col-sm-3 liquid-column-69f8c026bcec2\"><div class=\"vc_column-inner\" ><div class=\"wpb_wrapper\"  >\n\t<div  class=\"wpb_single_image wpb_content_element vc_align_  liquid_vc_single_image-69f8c026c996b\">\n\t\t\n\t\t<figure class=\"wpb_wrapper vc_figure\">\n\t\t\t<a class=\"fresco\" data-fresco-group=\"group-6182\" href=\"https:\/\/bruklene.com\/wp-content\/uploads\/2024\/12\/atsauksme_5.png\"><img decoding=\"async\" width=\"535\" height=\"275\" src=\"data:image\/svg+xml;charset=utf-8,%3Csvg xmlns%3D&#039;http%3A%2F%2Fwww.w3.org%2F2000%2Fsvg&#039; viewBox%3D&#039;0 0 535 275&#039;%2F%3E\" class=\"vc_single_image-img attachment-full ld-lazyload\" alt=\"\" title=\"atsauksme_5\" itemprop=\"image\" data-src=\"https:\/\/bruklene.com\/wp-content\/uploads\/2024\/12\/atsauksme_5.png\" data-srcset=\"https:\/\/bruklene.com\/wp-content\/uploads\/2024\/12\/atsauksme_5.png 535w, https:\/\/bruklene.com\/wp-content\/uploads\/2024\/12\/atsauksme_5-300x154.png 300w, https:\/\/bruklene.com\/wp-content\/uploads\/2024\/12\/atsauksme_5-18x9.png 18w\" data-sizes=\"(max-width: 535px) 100vw, 535px\" data-aspect=\"1.9454545454545\" \/><\/a>\n\t\t<\/figure>\n\t<\/div>\n<\/div><\/div><\/div><div class=\"wpb_column vc_column_container vc_col-sm-3 liquid-column-69f8c026c9aa4\"><div class=\"vc_column-inner\" ><div class=\"wpb_wrapper\"  >\n\t<div  class=\"wpb_single_image wpb_content_element vc_align_  liquid_vc_single_image-69f8c026d41a2\">\n\t\t\n\t\t<figure class=\"wpb_wrapper vc_figure\">\n\t\t\t<a class=\"fresco\" data-fresco-group=\"group-6183\" href=\"https:\/\/bruklene.com\/wp-content\/uploads\/2024\/12\/atsauksme_6.png\"><img decoding=\"async\" width=\"536\" height=\"318\" src=\"data:image\/svg+xml;charset=utf-8,%3Csvg xmlns%3D&#039;http%3A%2F%2Fwww.w3.org%2F2000%2Fsvg&#039; viewBox%3D&#039;0 0 536 318&#039;%2F%3E\" class=\"vc_single_image-img attachment-full ld-lazyload\" alt=\"\" title=\"atsauksme_6\" itemprop=\"image\" data-src=\"https:\/\/bruklene.com\/wp-content\/uploads\/2024\/12\/atsauksme_6.png\" data-srcset=\"https:\/\/bruklene.com\/wp-content\/uploads\/2024\/12\/atsauksme_6.png 536w, https:\/\/bruklene.com\/wp-content\/uploads\/2024\/12\/atsauksme_6-300x178.png 300w, https:\/\/bruklene.com\/wp-content\/uploads\/2024\/12\/atsauksme_6-18x12.png 18w\" data-sizes=\"(max-width: 536px) 100vw, 536px\" data-aspect=\"1.685534591195\" \/><\/a>\n\t\t<\/figure>\n\t<\/div>\n<\/div><\/div><\/div><div class=\"wpb_column vc_column_container vc_col-sm-3 liquid-column-69f8c026d42d5\"><div class=\"vc_column-inner\" ><div class=\"wpb_wrapper\"  >\n\t<div  class=\"wpb_single_image wpb_content_element vc_align_  liquid_vc_single_image-69f8c026e02fd\">\n\t\t\n\t\t<figure class=\"wpb_wrapper vc_figure\">\n\t\t\t<a class=\"fresco\" data-fresco-group=\"group-6184\" href=\"https:\/\/bruklene.com\/wp-content\/uploads\/2024\/12\/atsauksme_7.png\"><img decoding=\"async\" width=\"534\" height=\"328\" src=\"data:image\/svg+xml;charset=utf-8,%3Csvg xmlns%3D&#039;http%3A%2F%2Fwww.w3.org%2F2000%2Fsvg&#039; viewBox%3D&#039;0 0 534 328&#039;%2F%3E\" class=\"vc_single_image-img attachment-full ld-lazyload\" alt=\"\" title=\"atsauksme_7\" itemprop=\"image\" data-src=\"https:\/\/bruklene.com\/wp-content\/uploads\/2024\/12\/atsauksme_7.png\" data-srcset=\"https:\/\/bruklene.com\/wp-content\/uploads\/2024\/12\/atsauksme_7.png 534w, https:\/\/bruklene.com\/wp-content\/uploads\/2024\/12\/atsauksme_7-300x184.png 300w, https:\/\/bruklene.com\/wp-content\/uploads\/2024\/12\/atsauksme_7-18x12.png 18w\" data-sizes=\"(max-width: 534px) 100vw, 534px\" data-aspect=\"1.6280487804878\" \/><\/a>\n\t\t<\/figure>\n\t<\/div>\n<\/div><\/div><\/div><div class=\"wpb_column vc_column_container vc_col-sm-3 liquid-column-69f8c026e04eb\"><div class=\"vc_column-inner\" ><div class=\"wpb_wrapper\"  >\n\t<div  class=\"wpb_single_image wpb_content_element vc_align_  liquid_vc_single_image-69f8c026ecac4\">\n\t\t\n\t\t<figure class=\"wpb_wrapper vc_figure\">\n\t\t\t<a class=\"fresco\" data-fresco-group=\"group-6185\" href=\"https:\/\/bruklene.com\/wp-content\/uploads\/2024\/12\/atsauksme_8.png\"><img decoding=\"async\" width=\"534\" height=\"304\" src=\"data:image\/svg+xml;charset=utf-8,%3Csvg xmlns%3D&#039;http%3A%2F%2Fwww.w3.org%2F2000%2Fsvg&#039; viewBox%3D&#039;0 0 534 304&#039;%2F%3E\" class=\"vc_single_image-img attachment-full ld-lazyload\" alt=\"\" title=\"atsauksme_8\" itemprop=\"image\" data-src=\"https:\/\/bruklene.com\/wp-content\/uploads\/2024\/12\/atsauksme_8.png\" data-srcset=\"https:\/\/bruklene.com\/wp-content\/uploads\/2024\/12\/atsauksme_8.png 534w, https:\/\/bruklene.com\/wp-content\/uploads\/2024\/12\/atsauksme_8-300x171.png 300w, https:\/\/bruklene.com\/wp-content\/uploads\/2024\/12\/atsauksme_8-18x10.png 18w\" data-sizes=\"(max-width: 534px) 100vw, 534px\" data-aspect=\"1.7565789473684\" \/><\/a>\n\t\t<\/figure>\n\t<\/div>\n<\/div><\/div><\/div><div class=\"wpb_column vc_column_container vc_col-sm-3 liquid-column-69f8c026ecc54\"><div class=\"vc_column-inner\" ><div class=\"wpb_wrapper\"  ><\/div><\/div><\/div><div class=\"wpb_column vc_column_container vc_col-sm-3 liquid-column-69f8c026ecdd9\"><div class=\"vc_column-inner\" ><div class=\"wpb_wrapper\"  ><\/div><\/div><\/div><div class=\"wpb_column vc_column_container vc_col-sm-3 liquid-column-69f8c026ecf49\"><div class=\"vc_column-inner\" ><div class=\"wpb_wrapper\"  ><\/div><\/div><\/div><div class=\"wpb_column vc_column_container vc_col-sm-3 liquid-column-69f8c026ed0ba\"><div class=\"vc_column-inner\" ><div class=\"wpb_wrapper\"  ><\/div><\/div><\/div><div class=\"wpb_column vc_column_container vc_col-sm-3 liquid-column-69f8c026ed1f5\"><div class=\"vc_column-inner\" ><div class=\"wpb_wrapper\"  ><\/div><\/div><\/div><div class=\"wpb_column vc_column_container vc_col-sm-3 liquid-column-69f8c026ed2fb\"><div class=\"vc_column-inner\" ><div class=\"wpb_wrapper\"  ><\/div><\/div><\/div><div class=\"wpb_column vc_column_container vc_col-sm-3 liquid-column-69f8c026ed3d3\"><div class=\"vc_column-inner\" ><div class=\"wpb_wrapper\"  ><\/div><\/div><\/div><div class=\"wpb_column vc_column_container vc_col-sm-3 liquid-column-69f8c026ed52c\"><div class=\"vc_column-inner\" ><div class=\"wpb_wrapper\"  ><\/div><\/div><\/div><\/div><\/div><\/section>","protected":false},"excerpt":{"rendered":"Klientu atsauksmes Visvair\u0101k sirdi silda j\u016bsu nov\u0113rt\u0113jums un paldies v\u0101rdi par izpild\u012bjumu. Abpus\u0113js prieks ir dubultprieks! \u2764\ufe0f","protected":false},"author":1,"featured_media":0,"parent":0,"menu_order":0,"comment_status":"closed","ping_status":"closed","template":"","meta":{"footnotes":""},"class_list":["post-5963","page","type-page","status-publish","hentry"],"yoast_head":"<!-- This site is optimized with the Yoast SEO plugin v27.3 - https:\/\/yoast.com\/product\/yoast-seo-wordpress\/ -->\n<title>Atsauksmes - BR\u016aKLENE Woodworks<\/title>\n<meta name=\"robots\" content=\"index, follow, max-snippet:-1, max-image-preview:large, max-video-preview:-1\" \/>\n<link rel=\"canonical\" href=\"https:\/\/bruklene.com\/en\/atsauksmes\/\" \/>\n<meta property=\"og:locale\" content=\"en_GB\" \/>\n<meta property=\"og:type\" content=\"article\" \/>\n<meta property=\"og:title\" content=\"Atsauksmes - BR\u016aKLENE Woodworks\" \/>\n<meta property=\"og:url\" content=\"https:\/\/bruklene.com\/en\/atsauksmes\/\" \/>\n<meta property=\"og:site_name\" content=\"BR\u016aKLENE Woodworks\" \/>\n<meta property=\"article:modified_time\" content=\"2024-12-05T09:29:12+00:00\" \/>\n<meta name=\"twitter:card\" content=\"summary_large_image\" \/>\n<meta name=\"twitter:label1\" content=\"Estimated reading time\" \/>\n\t<meta name=\"twitter:data1\" content=\"1 minute\" \/>\n<script type=\"application\/ld+json\" class=\"yoast-schema-graph\">{\"@context\":\"https:\\\/\\\/schema.org\",\"@graph\":[{\"@type\":\"WebPage\",\"@id\":\"https:\\\/\\\/bruklene.com\\\/atsauksmes\\\/\",\"url\":\"https:\\\/\\\/bruklene.com\\\/atsauksmes\\\/\",\"name\":\"Atsauksmes - BR\u016aKLENE Woodworks\",\"isPartOf\":{\"@id\":\"https:\\\/\\\/bruklene.com\\\/#website\"},\"datePublished\":\"2024-11-15T19:32:20+00:00\",\"dateModified\":\"2024-12-05T09:29:12+00:00\",\"breadcrumb\":{\"@id\":\"https:\\\/\\\/bruklene.com\\\/atsauksmes\\\/#breadcrumb\"},\"inLanguage\":\"en-GB\",\"potentialAction\":[{\"@type\":\"ReadAction\",\"target\":[\"https:\\\/\\\/bruklene.com\\\/atsauksmes\\\/\"]}]},{\"@type\":\"BreadcrumbList\",\"@id\":\"https:\\\/\\\/bruklene.com\\\/atsauksmes\\\/#breadcrumb\",\"itemListElement\":[{\"@type\":\"ListItem\",\"position\":1,\"name\":\"Home\",\"item\":\"https:\\\/\\\/bruklene.com\\\/\"},{\"@type\":\"ListItem\",\"position\":2,\"name\":\"Atsauksmes\"}]},{\"@type\":\"WebSite\",\"@id\":\"https:\\\/\\\/bruklene.com\\\/#website\",\"url\":\"https:\\\/\\\/bruklene.com\\\/\",\"name\":\"BR\u016aKLENE\",\"description\":\"Ozolkoka virtuves d\u0113l\u012b\u0161i\",\"potentialAction\":[{\"@type\":\"SearchAction\",\"target\":{\"@type\":\"EntryPoint\",\"urlTemplate\":\"https:\\\/\\\/bruklene.com\\\/?s={search_term_string}\"},\"query-input\":{\"@type\":\"PropertyValueSpecification\",\"valueRequired\":true,\"valueName\":\"search_term_string\"}}],\"inLanguage\":\"en-GB\"}]}<\/script>\n<!-- \/ Yoast SEO plugin. -->","yoast_head_json":{"title":"Atsauksmes - BR\u016aKLENE Woodworks","robots":{"index":"index","follow":"follow","max-snippet":"max-snippet:-1","max-image-preview":"max-image-preview:large","max-video-preview":"max-video-preview:-1"},"canonical":"https:\/\/bruklene.com\/en\/atsauksmes\/","og_locale":"en_GB","og_type":"article","og_title":"Atsauksmes - BR\u016aKLENE Woodworks","og_url":"https:\/\/bruklene.com\/en\/atsauksmes\/","og_site_name":"BR\u016aKLENE Woodworks","article_modified_time":"2024-12-05T09:29:12+00:00","twitter_card":"summary_large_image","twitter_misc":{"Estimated reading time":"1 minute"},"schema":{"@context":"https:\/\/schema.org","@graph":[{"@type":"WebPage","@id":"https:\/\/bruklene.com\/atsauksmes\/","url":"https:\/\/bruklene.com\/atsauksmes\/","name":"Atsauksmes - BR\u016aKLENE Woodworks","isPartOf":{"@id":"https:\/\/bruklene.com\/#website"},"datePublished":"2024-11-15T19:32:20+00:00","dateModified":"2024-12-05T09:29:12+00:00","breadcrumb":{"@id":"https:\/\/bruklene.com\/atsauksmes\/#breadcrumb"},"inLanguage":"en-GB","potentialAction":[{"@type":"ReadAction","target":["https:\/\/bruklene.com\/atsauksmes\/"]}]},{"@type":"BreadcrumbList","@id":"https:\/\/bruklene.com\/atsauksmes\/#breadcrumb","itemListElement":[{"@type":"ListItem","position":1,"name":"Home","item":"https:\/\/bruklene.com\/"},{"@type":"ListItem","position":2,"name":"Atsauksmes"}]},{"@type":"WebSite","@id":"https:\/\/bruklene.com\/#website","url":"https:\/\/bruklene.com\/","name":"BR\u016aKLENE","description":"Ozolkoka virtuves d\u0113l\u012b\u0161i","potentialAction":[{"@type":"SearchAction","target":{"@type":"EntryPoint","urlTemplate":"https:\/\/bruklene.com\/?s={search_term_string}"},"query-input":{"@type":"PropertyValueSpecification","valueRequired":true,"valueName":"search_term_string"}}],"inLanguage":"en-GB"}]}},"_links":{"self":[{"href":"https:\/\/bruklene.com\/en\/wp-json\/wp\/v2\/pages\/5963","targetHints":{"allow":["GET"]}}],"collection":[{"href":"https:\/\/bruklene.com\/en\/wp-json\/wp\/v2\/pages"}],"about":[{"href":"https:\/\/bruklene.com\/en\/wp-json\/wp\/v2\/types\/page"}],"author":[{"embeddable":true,"href":"https:\/\/bruklene.com\/en\/wp-json\/wp\/v2\/users\/1"}],"replies":[{"embeddable":true,"href":"https:\/\/bruklene.com\/en\/wp-json\/wp\/v2\/comments?post=5963"}],"version-history":[{"count":3,"href":"https:\/\/bruklene.com\/en\/wp-json\/wp\/v2\/pages\/5963\/revisions"}],"predecessor-version":[{"id":6188,"href":"https:\/\/bruklene.com\/en\/wp-json\/wp\/v2\/pages\/5963\/revisions\/6188"}],"wp:attachment":[{"href":"https:\/\/bruklene.com\/en\/wp-json\/wp\/v2\/media?parent=5963"}],"curies":[{"name":"wp","href":"https:\/\/api.w.org\/{rel}","templated":true}]}}