{"id":6039,"date":"2024-11-21T08:54:44","date_gmt":"2024-11-21T06:54:44","guid":{"rendered":"https:\/\/bruklene.com\/?post_type=product&#038;p=6039"},"modified":"2025-06-18T18:02:54","modified_gmt":"2025-06-18T15:02:54","slug":"virtuves-delitis-l","status":"publish","type":"product","link":"https:\/\/bruklene.com\/en\/veikals\/virtuves-delitis-l\/","title":{"rendered":"Personalized Chopping Board L"},"content":{"rendered":"<p style=\"text-align: center;\"><strong>BOARD CARE<\/strong><\/p>\n<p style=\"text-align: center;\">STORAGE Store in a dry place at room temperature. It is important to remember that wood is a living material and can shift with large changes in temperature or humidity. Usually, it takes a couple of weeks for the board to acclimate to its new environment and adjust to the air humidity and temperature.<\/p>\n<p style=\"text-align: center;\"><strong>CLEANING.<\/strong> Wash the board with water and dish soap. Avoid using abrasive tools. Try to use non-serrated knives, as serrated edges can damage the oak surface. If the board picks up food odors, they can be easily removed by rubbing the surface with a fresh lemon (cut it in half and thoroughly rub the surface). Lemon also helps to remove stains.<\/p>\n<p style=\"text-align: center;\"><strong>REFRESHING.<\/strong> If the board becomes dull over time, it is recommended to oil the board with food-grade mineral oil, grape seed oil, or linseed oil, which will nourish the wood and restore its original vitality. If the surface becomes rough, sand the top layer with sandpaper and apply oil on top!<\/p>","protected":false},"excerpt":{"rendered":"<p>Oak chopping board. Treated with oil and beeswax. Engraving up to 10x10cm is included in the price.<\/p>\n<p>Size: 45x30x4cm, ~4kg.<\/p>\n<p>An oak kitchen board with a personalized engraving will create a special atmosphere in any kitchen. The engraving for each board is made individually, allowing you to create a unique design according to your preferences. It\u2019s a great choice for a wedding, anniversary, or other important events. Our boards are made from high-quality Latvian oak, ensuring exceptional durability and longevity. Careful craftsmanship combined with the latest CNC and laser engraving technology guarantees excellent quality and precision.<\/p>\n<p><b>In the additional information box, please specify:\u00a0<\/b>\u00a0what engraving you would like! We will create a few engraving options and send them to you for approval to the email you provide!<\/p>","protected":false},"featured_media":6070,"comment_status":"open","ping_status":"closed","template":"","meta":[],"product_brand":[],"product_cat":[58],"product_tag":[],"class_list":{"0":"post-6039","1":"product","2":"type-product","3":"status-publish","4":"has-post-thumbnail","6":"product_cat-virtuves-delisi","8":"first","9":"outofstock","10":"shipping-taxable","11":"purchasable","12":"product-type-variable"},"yoast_head":"<!-- This site is optimized with the Yoast SEO plugin v27.3 - https:\/\/yoast.com\/product\/yoast-seo-wordpress\/ -->\n<title>Virtuves d\u0113l\u012btis L - BR\u016aKLENE Woodworks<\/title>\n<meta name=\"robots\" content=\"index, follow, max-snippet:-1, max-image-preview:large, max-video-preview:-1\" \/>\n<link rel=\"canonical\" href=\"https:\/\/bruklene.com\/en\/veikals\/virtuves-delitis-l\/\" \/>\n<meta property=\"og:locale\" content=\"en_GB\" \/>\n<meta property=\"og:type\" content=\"article\" \/>\n<meta property=\"og:title\" content=\"Virtuves d\u0113l\u012btis L - BR\u016aKLENE Woodworks\" \/>\n<meta property=\"og:description\" content=\"Ozolkoka virtuves d\u0113l\u012btis. Apstr\u0101d\u0101ts ar e\u013c\u013cu un bi\u0161u vasku. Grav\u0113jums l\u012bdz 10x10cm iek\u013cauts cen\u0101.  Izm\u0113rs 45x30x4cm, ~4kg.  Ozolkoka virtuves d\u0113l\u012btis ar personaliz\u0113tu grav\u0113jumu rad\u012bs \u012bpa\u0161u saj\u016btu jebkur\u0101 virtuv\u0113. Grav\u0113jums katram d\u0113l\u012btim tiek veidots individu\u0101li, \u013caujot rad\u012bt unik\u0101lu dizainu atbilsto\u0161i J\u016bsu v\u0113lm\u0113m. T\u0101 ir lieliska izv\u0113le d\u0101vanai k\u0101z\u0101s, jubilej\u0101s vai citos svar\u012bgos notikumos. M\u016bsu d\u0113l\u012b\u0161i ir izgatavoti no augstv\u0113rt\u012bga Latvijas ozolkoka, kas nodro\u0161ina izcilu iztur\u012bbu un ilgm\u016b\u017e\u012bbu. R\u016bp\u012bgs roku darbs apvienojum\u0101 ar m\u016bsdien\u012bg\u0101kaj\u0101m CNC un l\u0101zergrav\u0113\u0161anas iek\u0101rt\u0101m garant\u0113 izcilu kvalit\u0101ti un precizit\u0101ti.  Papildus inform\u0101cijas lauci\u0146\u0101 nor\u0101di:\u00a0\u00a0k\u0101du grav\u0113jumu v\u0113lies! M\u0113s uztais\u012bsim p\u0101ris grav\u0113jumu variantus un nos\u016bt\u012bsim saska\u0146o\u0161anai uz Tevis nor\u0101d\u012bto e-pastu!\" \/>\n<meta property=\"og:url\" content=\"https:\/\/bruklene.com\/en\/veikals\/virtuves-delitis-l\/\" \/>\n<meta property=\"og:site_name\" content=\"BR\u016aKLENE Woodworks\" \/>\n<meta property=\"article:modified_time\" content=\"2025-06-18T15:02:54+00:00\" \/>\n<meta property=\"og:image\" content=\"https:\/\/bruklene.com\/wp-content\/uploads\/2024\/11\/BRUKLENE_delitis_L_5.jpg\" \/>\n\t<meta property=\"og:image:width\" content=\"1080\" \/>\n\t<meta property=\"og:image:height\" content=\"1350\" \/>\n\t<meta property=\"og:image:type\" content=\"image\/jpeg\" \/>\n<meta name=\"twitter:card\" content=\"summary_large_image\" \/>\n<meta name=\"twitter:label1\" content=\"Estimated reading time\" \/>\n\t<meta name=\"twitter:data1\" content=\"1 minute\" \/>\n<script type=\"application\/ld+json\" class=\"yoast-schema-graph\">{\"@context\":\"https:\\\/\\\/schema.org\",\"@graph\":[{\"@type\":\"WebPage\",\"@id\":\"https:\\\/\\\/bruklene.com\\\/veikals\\\/virtuves-delitis-l\\\/\",\"url\":\"https:\\\/\\\/bruklene.com\\\/veikals\\\/virtuves-delitis-l\\\/\",\"name\":\"Virtuves d\u0113l\u012btis L - BR\u016aKLENE Woodworks\",\"isPartOf\":{\"@id\":\"https:\\\/\\\/bruklene.com\\\/#website\"},\"primaryImageOfPage\":{\"@id\":\"https:\\\/\\\/bruklene.com\\\/veikals\\\/virtuves-delitis-l\\\/#primaryimage\"},\"image\":{\"@id\":\"https:\\\/\\\/bruklene.com\\\/veikals\\\/virtuves-delitis-l\\\/#primaryimage\"},\"thumbnailUrl\":\"https:\\\/\\\/bruklene.com\\\/wp-content\\\/uploads\\\/2024\\\/11\\\/BRUKLENE_delitis_L_5.jpg\",\"datePublished\":\"2024-11-21T06:54:44+00:00\",\"dateModified\":\"2025-06-18T15:02:54+00:00\",\"breadcrumb\":{\"@id\":\"https:\\\/\\\/bruklene.com\\\/veikals\\\/virtuves-delitis-l\\\/#breadcrumb\"},\"inLanguage\":\"en-GB\",\"potentialAction\":[{\"@type\":\"ReadAction\",\"target\":[\"https:\\\/\\\/bruklene.com\\\/veikals\\\/virtuves-delitis-l\\\/\"]}]},{\"@type\":\"ImageObject\",\"inLanguage\":\"en-GB\",\"@id\":\"https:\\\/\\\/bruklene.com\\\/veikals\\\/virtuves-delitis-l\\\/#primaryimage\",\"url\":\"https:\\\/\\\/bruklene.com\\\/wp-content\\\/uploads\\\/2024\\\/11\\\/BRUKLENE_delitis_L_5.jpg\",\"contentUrl\":\"https:\\\/\\\/bruklene.com\\\/wp-content\\\/uploads\\\/2024\\\/11\\\/BRUKLENE_delitis_L_5.jpg\",\"width\":1080,\"height\":1350},{\"@type\":\"BreadcrumbList\",\"@id\":\"https:\\\/\\\/bruklene.com\\\/veikals\\\/virtuves-delitis-l\\\/#breadcrumb\",\"itemListElement\":[{\"@type\":\"ListItem\",\"position\":1,\"name\":\"Home\",\"item\":\"https:\\\/\\\/bruklene.com\\\/\"},{\"@type\":\"ListItem\",\"position\":2,\"name\":\"Veikals\",\"item\":\"https:\\\/\\\/bruklene.com\\\/veikals\\\/\"},{\"@type\":\"ListItem\",\"position\":3,\"name\":\"Virtuves d\u0113l\u012btis L\"}]},{\"@type\":\"WebSite\",\"@id\":\"https:\\\/\\\/bruklene.com\\\/#website\",\"url\":\"https:\\\/\\\/bruklene.com\\\/\",\"name\":\"BR\u016aKLENE\",\"description\":\"Ozolkoka virtuves d\u0113l\u012b\u0161i\",\"potentialAction\":[{\"@type\":\"SearchAction\",\"target\":{\"@type\":\"EntryPoint\",\"urlTemplate\":\"https:\\\/\\\/bruklene.com\\\/?s={search_term_string}\"},\"query-input\":{\"@type\":\"PropertyValueSpecification\",\"valueRequired\":true,\"valueName\":\"search_term_string\"}}],\"inLanguage\":\"en-GB\"}]}<\/script>\n<!-- \/ Yoast SEO plugin. -->","yoast_head_json":{"title":"Virtuves d\u0113l\u012btis L - BR\u016aKLENE Woodworks","robots":{"index":"index","follow":"follow","max-snippet":"max-snippet:-1","max-image-preview":"max-image-preview:large","max-video-preview":"max-video-preview:-1"},"canonical":"https:\/\/bruklene.com\/en\/veikals\/virtuves-delitis-l\/","og_locale":"en_GB","og_type":"article","og_title":"Virtuves d\u0113l\u012btis L - BR\u016aKLENE Woodworks","og_description":"Ozolkoka virtuves d\u0113l\u012btis. Apstr\u0101d\u0101ts ar e\u013c\u013cu un bi\u0161u vasku. Grav\u0113jums l\u012bdz 10x10cm iek\u013cauts cen\u0101.  Izm\u0113rs 45x30x4cm, ~4kg.  Ozolkoka virtuves d\u0113l\u012btis ar personaliz\u0113tu grav\u0113jumu rad\u012bs \u012bpa\u0161u saj\u016btu jebkur\u0101 virtuv\u0113. Grav\u0113jums katram d\u0113l\u012btim tiek veidots individu\u0101li, \u013caujot rad\u012bt unik\u0101lu dizainu atbilsto\u0161i J\u016bsu v\u0113lm\u0113m. T\u0101 ir lieliska izv\u0113le d\u0101vanai k\u0101z\u0101s, jubilej\u0101s vai citos svar\u012bgos notikumos. M\u016bsu d\u0113l\u012b\u0161i ir izgatavoti no augstv\u0113rt\u012bga Latvijas ozolkoka, kas nodro\u0161ina izcilu iztur\u012bbu un ilgm\u016b\u017e\u012bbu. R\u016bp\u012bgs roku darbs apvienojum\u0101 ar m\u016bsdien\u012bg\u0101kaj\u0101m CNC un l\u0101zergrav\u0113\u0161anas iek\u0101rt\u0101m garant\u0113 izcilu kvalit\u0101ti un precizit\u0101ti.  Papildus inform\u0101cijas lauci\u0146\u0101 nor\u0101di:\u00a0\u00a0k\u0101du grav\u0113jumu v\u0113lies! M\u0113s uztais\u012bsim p\u0101ris grav\u0113jumu variantus un nos\u016bt\u012bsim saska\u0146o\u0161anai uz Tevis nor\u0101d\u012bto e-pastu!","og_url":"https:\/\/bruklene.com\/en\/veikals\/virtuves-delitis-l\/","og_site_name":"BR\u016aKLENE Woodworks","article_modified_time":"2025-06-18T15:02:54+00:00","og_image":[{"width":1080,"height":1350,"url":"https:\/\/bruklene.com\/wp-content\/uploads\/2024\/11\/BRUKLENE_delitis_L_5.jpg","type":"image\/jpeg"}],"twitter_card":"summary_large_image","twitter_misc":{"Estimated reading time":"1 minute"},"schema":{"@context":"https:\/\/schema.org","@graph":[{"@type":"WebPage","@id":"https:\/\/bruklene.com\/veikals\/virtuves-delitis-l\/","url":"https:\/\/bruklene.com\/veikals\/virtuves-delitis-l\/","name":"Virtuves d\u0113l\u012btis L - BR\u016aKLENE Woodworks","isPartOf":{"@id":"https:\/\/bruklene.com\/#website"},"primaryImageOfPage":{"@id":"https:\/\/bruklene.com\/veikals\/virtuves-delitis-l\/#primaryimage"},"image":{"@id":"https:\/\/bruklene.com\/veikals\/virtuves-delitis-l\/#primaryimage"},"thumbnailUrl":"https:\/\/bruklene.com\/wp-content\/uploads\/2024\/11\/BRUKLENE_delitis_L_5.jpg","datePublished":"2024-11-21T06:54:44+00:00","dateModified":"2025-06-18T15:02:54+00:00","breadcrumb":{"@id":"https:\/\/bruklene.com\/veikals\/virtuves-delitis-l\/#breadcrumb"},"inLanguage":"en-GB","potentialAction":[{"@type":"ReadAction","target":["https:\/\/bruklene.com\/veikals\/virtuves-delitis-l\/"]}]},{"@type":"ImageObject","inLanguage":"en-GB","@id":"https:\/\/bruklene.com\/veikals\/virtuves-delitis-l\/#primaryimage","url":"https:\/\/bruklene.com\/wp-content\/uploads\/2024\/11\/BRUKLENE_delitis_L_5.jpg","contentUrl":"https:\/\/bruklene.com\/wp-content\/uploads\/2024\/11\/BRUKLENE_delitis_L_5.jpg","width":1080,"height":1350},{"@type":"BreadcrumbList","@id":"https:\/\/bruklene.com\/veikals\/virtuves-delitis-l\/#breadcrumb","itemListElement":[{"@type":"ListItem","position":1,"name":"Home","item":"https:\/\/bruklene.com\/"},{"@type":"ListItem","position":2,"name":"Veikals","item":"https:\/\/bruklene.com\/veikals\/"},{"@type":"ListItem","position":3,"name":"Virtuves d\u0113l\u012btis L"}]},{"@type":"WebSite","@id":"https:\/\/bruklene.com\/#website","url":"https:\/\/bruklene.com\/","name":"BR\u016aKLENE","description":"Ozolkoka virtuves d\u0113l\u012b\u0161i","potentialAction":[{"@type":"SearchAction","target":{"@type":"EntryPoint","urlTemplate":"https:\/\/bruklene.com\/?s={search_term_string}"},"query-input":{"@type":"PropertyValueSpecification","valueRequired":true,"valueName":"search_term_string"}}],"inLanguage":"en-GB"}]}},"_links":{"self":[{"href":"https:\/\/bruklene.com\/en\/wp-json\/wp\/v2\/product\/6039","targetHints":{"allow":["GET"]}}],"collection":[{"href":"https:\/\/bruklene.com\/en\/wp-json\/wp\/v2\/product"}],"about":[{"href":"https:\/\/bruklene.com\/en\/wp-json\/wp\/v2\/types\/product"}],"replies":[{"embeddable":true,"href":"https:\/\/bruklene.com\/en\/wp-json\/wp\/v2\/comments?post=6039"}],"wp:featuredmedia":[{"embeddable":true,"href":"https:\/\/bruklene.com\/en\/wp-json\/wp\/v2\/media\/6070"}],"wp:attachment":[{"href":"https:\/\/bruklene.com\/en\/wp-json\/wp\/v2\/media?parent=6039"}],"wp:term":[{"taxonomy":"product_brand","embeddable":true,"href":"https:\/\/bruklene.com\/en\/wp-json\/wp\/v2\/product_brand?post=6039"},{"taxonomy":"product_cat","embeddable":true,"href":"https:\/\/bruklene.com\/en\/wp-json\/wp\/v2\/product_cat?post=6039"},{"taxonomy":"product_tag","embeddable":true,"href":"https:\/\/bruklene.com\/en\/wp-json\/wp\/v2\/product_tag?post=6039"}],"curies":[{"name":"wp","href":"https:\/\/api.w.org\/{rel}","templated":true}]}}