{"id":6082,"date":"2024-11-21T10:29:57","date_gmt":"2024-11-21T08:29:57","guid":{"rendered":"https:\/\/bruklene.com\/?post_type=product&#038;p=6082"},"modified":"2024-11-21T14:21:40","modified_gmt":"2024-11-21T12:21:40","slug":"galda-pulkstenis-suna","status":"publish","type":"product","link":"https:\/\/bruklene.com\/en\/veikals\/galda-pulkstenis-suna\/","title":{"rendered":"Personalized Desk Clock HONEYCOMB"},"content":{"rendered":"<p style=\"text-align: center;\">This oak wood hexagonal-shaped table clock is truly unique. It features a specially designed shape and angle that makes it look great from every side. This clock can be personalized with your chosen text or logo, making it a thoughtfully crafted gift for your loved ones, business partners, or, hey \u2013 even for yourself!<\/p>\n<p style=\"text-align: center;\">Made from Latvian oak wood. High-quality UTS clock mechanism manufactured in Germany, with metal hands. Operates with a single AA battery. Battery not included (unfortunately, it's not allowed to ship).<\/p>\n<p style=\"text-align: center;\">Created with love in Latvia.<\/p>","protected":false},"excerpt":{"rendered":"<p>Design Table Clock HONEYCOMB. Material \u2013 oak wood.<\/p>\n<p>High-quality German-made mechanism and metal hands.<\/p>\n<p>Size \u2013 18x18cm.<\/p>\n<p>In the additional information box, please enter what you would like to have engraved!<\/p>","protected":false},"featured_media":6085,"comment_status":"closed","ping_status":"closed","template":"","meta":[],"product_brand":[],"product_cat":[57],"product_tag":[],"class_list":{"0":"post-6082","1":"product","2":"type-product","3":"status-publish","4":"has-post-thumbnail","6":"product_cat-galda-pulksteni","8":"first","9":"instock","10":"shipping-taxable","11":"purchasable","12":"product-type-variable"},"yoast_head":"<!-- This site is optimized with the Yoast SEO plugin v27.3 - https:\/\/yoast.com\/product\/yoast-seo-wordpress\/ -->\n<title>Galda pulkstenis \u0160\u016aNA - BR\u016aKLENE Woodworks<\/title>\n<meta name=\"robots\" content=\"index, follow, max-snippet:-1, max-image-preview:large, max-video-preview:-1\" \/>\n<link rel=\"canonical\" href=\"https:\/\/bruklene.com\/en\/veikals\/galda-pulkstenis-suna\/\" \/>\n<meta property=\"og:locale\" content=\"en_GB\" \/>\n<meta property=\"og:type\" content=\"article\" \/>\n<meta property=\"og:title\" content=\"Galda pulkstenis \u0160\u016aNA - BR\u016aKLENE Woodworks\" \/>\n<meta property=\"og:description\" content=\"Dizaina galda pulkstenis \u0160\u016aNA. Materi\u0101ls - ozolkoks.  Kvalitat\u012bvs V\u0101cij\u0101 ra\u017eots meh\u0101nisms un met\u0101la r\u0101d\u012bt\u0101ji.  Izm\u0113rs - 18x18cm.  Papildus inform\u0101cijas lauci\u0146\u0101 ieraksti, ko v\u0113lies iegrav\u0113t!\" \/>\n<meta property=\"og:url\" content=\"https:\/\/bruklene.com\/en\/veikals\/galda-pulkstenis-suna\/\" \/>\n<meta property=\"og:site_name\" content=\"BR\u016aKLENE Woodworks\" \/>\n<meta property=\"article:modified_time\" content=\"2024-11-21T12:21:40+00:00\" \/>\n<meta property=\"og:image\" content=\"https:\/\/bruklene.com\/wp-content\/uploads\/2024\/11\/bruklene_galda_pulkstenis_1.jpg\" \/>\n\t<meta property=\"og:image:width\" content=\"1080\" \/>\n\t<meta property=\"og:image:height\" content=\"1350\" \/>\n\t<meta property=\"og:image:type\" content=\"image\/jpeg\" \/>\n<meta name=\"twitter:card\" content=\"summary_large_image\" \/>\n<meta name=\"twitter:label1\" content=\"Estimated reading time\" \/>\n\t<meta name=\"twitter:data1\" content=\"1 minute\" \/>\n<script type=\"application\/ld+json\" class=\"yoast-schema-graph\">{\"@context\":\"https:\\\/\\\/schema.org\",\"@graph\":[{\"@type\":\"WebPage\",\"@id\":\"https:\\\/\\\/bruklene.com\\\/veikals\\\/galda-pulkstenis-suna\\\/\",\"url\":\"https:\\\/\\\/bruklene.com\\\/veikals\\\/galda-pulkstenis-suna\\\/\",\"name\":\"Galda pulkstenis \u0160\u016aNA - BR\u016aKLENE Woodworks\",\"isPartOf\":{\"@id\":\"https:\\\/\\\/bruklene.com\\\/#website\"},\"primaryImageOfPage\":{\"@id\":\"https:\\\/\\\/bruklene.com\\\/veikals\\\/galda-pulkstenis-suna\\\/#primaryimage\"},\"image\":{\"@id\":\"https:\\\/\\\/bruklene.com\\\/veikals\\\/galda-pulkstenis-suna\\\/#primaryimage\"},\"thumbnailUrl\":\"https:\\\/\\\/bruklene.com\\\/wp-content\\\/uploads\\\/2024\\\/11\\\/bruklene_galda_pulkstenis_1.jpg\",\"datePublished\":\"2024-11-21T08:29:57+00:00\",\"dateModified\":\"2024-11-21T12:21:40+00:00\",\"breadcrumb\":{\"@id\":\"https:\\\/\\\/bruklene.com\\\/veikals\\\/galda-pulkstenis-suna\\\/#breadcrumb\"},\"inLanguage\":\"en-GB\",\"potentialAction\":[{\"@type\":\"ReadAction\",\"target\":[\"https:\\\/\\\/bruklene.com\\\/veikals\\\/galda-pulkstenis-suna\\\/\"]}]},{\"@type\":\"ImageObject\",\"inLanguage\":\"en-GB\",\"@id\":\"https:\\\/\\\/bruklene.com\\\/veikals\\\/galda-pulkstenis-suna\\\/#primaryimage\",\"url\":\"https:\\\/\\\/bruklene.com\\\/wp-content\\\/uploads\\\/2024\\\/11\\\/bruklene_galda_pulkstenis_1.jpg\",\"contentUrl\":\"https:\\\/\\\/bruklene.com\\\/wp-content\\\/uploads\\\/2024\\\/11\\\/bruklene_galda_pulkstenis_1.jpg\",\"width\":1080,\"height\":1350},{\"@type\":\"BreadcrumbList\",\"@id\":\"https:\\\/\\\/bruklene.com\\\/veikals\\\/galda-pulkstenis-suna\\\/#breadcrumb\",\"itemListElement\":[{\"@type\":\"ListItem\",\"position\":1,\"name\":\"Home\",\"item\":\"https:\\\/\\\/bruklene.com\\\/\"},{\"@type\":\"ListItem\",\"position\":2,\"name\":\"Veikals\",\"item\":\"https:\\\/\\\/bruklene.com\\\/veikals\\\/\"},{\"@type\":\"ListItem\",\"position\":3,\"name\":\"Galda pulkstenis \u0160\u016aNA\"}]},{\"@type\":\"WebSite\",\"@id\":\"https:\\\/\\\/bruklene.com\\\/#website\",\"url\":\"https:\\\/\\\/bruklene.com\\\/\",\"name\":\"BR\u016aKLENE\",\"description\":\"Ozolkoka virtuves d\u0113l\u012b\u0161i\",\"potentialAction\":[{\"@type\":\"SearchAction\",\"target\":{\"@type\":\"EntryPoint\",\"urlTemplate\":\"https:\\\/\\\/bruklene.com\\\/?s={search_term_string}\"},\"query-input\":{\"@type\":\"PropertyValueSpecification\",\"valueRequired\":true,\"valueName\":\"search_term_string\"}}],\"inLanguage\":\"en-GB\"}]}<\/script>\n<!-- \/ Yoast SEO plugin. -->","yoast_head_json":{"title":"Galda pulkstenis \u0160\u016aNA - BR\u016aKLENE Woodworks","robots":{"index":"index","follow":"follow","max-snippet":"max-snippet:-1","max-image-preview":"max-image-preview:large","max-video-preview":"max-video-preview:-1"},"canonical":"https:\/\/bruklene.com\/en\/veikals\/galda-pulkstenis-suna\/","og_locale":"en_GB","og_type":"article","og_title":"Galda pulkstenis \u0160\u016aNA - BR\u016aKLENE Woodworks","og_description":"Dizaina galda pulkstenis \u0160\u016aNA. Materi\u0101ls - ozolkoks.  Kvalitat\u012bvs V\u0101cij\u0101 ra\u017eots meh\u0101nisms un met\u0101la r\u0101d\u012bt\u0101ji.  Izm\u0113rs - 18x18cm.  Papildus inform\u0101cijas lauci\u0146\u0101 ieraksti, ko v\u0113lies iegrav\u0113t!","og_url":"https:\/\/bruklene.com\/en\/veikals\/galda-pulkstenis-suna\/","og_site_name":"BR\u016aKLENE Woodworks","article_modified_time":"2024-11-21T12:21:40+00:00","og_image":[{"width":1080,"height":1350,"url":"https:\/\/bruklene.com\/wp-content\/uploads\/2024\/11\/bruklene_galda_pulkstenis_1.jpg","type":"image\/jpeg"}],"twitter_card":"summary_large_image","twitter_misc":{"Estimated reading time":"1 minute"},"schema":{"@context":"https:\/\/schema.org","@graph":[{"@type":"WebPage","@id":"https:\/\/bruklene.com\/veikals\/galda-pulkstenis-suna\/","url":"https:\/\/bruklene.com\/veikals\/galda-pulkstenis-suna\/","name":"Galda pulkstenis \u0160\u016aNA - BR\u016aKLENE Woodworks","isPartOf":{"@id":"https:\/\/bruklene.com\/#website"},"primaryImageOfPage":{"@id":"https:\/\/bruklene.com\/veikals\/galda-pulkstenis-suna\/#primaryimage"},"image":{"@id":"https:\/\/bruklene.com\/veikals\/galda-pulkstenis-suna\/#primaryimage"},"thumbnailUrl":"https:\/\/bruklene.com\/wp-content\/uploads\/2024\/11\/bruklene_galda_pulkstenis_1.jpg","datePublished":"2024-11-21T08:29:57+00:00","dateModified":"2024-11-21T12:21:40+00:00","breadcrumb":{"@id":"https:\/\/bruklene.com\/veikals\/galda-pulkstenis-suna\/#breadcrumb"},"inLanguage":"en-GB","potentialAction":[{"@type":"ReadAction","target":["https:\/\/bruklene.com\/veikals\/galda-pulkstenis-suna\/"]}]},{"@type":"ImageObject","inLanguage":"en-GB","@id":"https:\/\/bruklene.com\/veikals\/galda-pulkstenis-suna\/#primaryimage","url":"https:\/\/bruklene.com\/wp-content\/uploads\/2024\/11\/bruklene_galda_pulkstenis_1.jpg","contentUrl":"https:\/\/bruklene.com\/wp-content\/uploads\/2024\/11\/bruklene_galda_pulkstenis_1.jpg","width":1080,"height":1350},{"@type":"BreadcrumbList","@id":"https:\/\/bruklene.com\/veikals\/galda-pulkstenis-suna\/#breadcrumb","itemListElement":[{"@type":"ListItem","position":1,"name":"Home","item":"https:\/\/bruklene.com\/"},{"@type":"ListItem","position":2,"name":"Veikals","item":"https:\/\/bruklene.com\/veikals\/"},{"@type":"ListItem","position":3,"name":"Galda pulkstenis \u0160\u016aNA"}]},{"@type":"WebSite","@id":"https:\/\/bruklene.com\/#website","url":"https:\/\/bruklene.com\/","name":"BR\u016aKLENE","description":"Ozolkoka virtuves d\u0113l\u012b\u0161i","potentialAction":[{"@type":"SearchAction","target":{"@type":"EntryPoint","urlTemplate":"https:\/\/bruklene.com\/?s={search_term_string}"},"query-input":{"@type":"PropertyValueSpecification","valueRequired":true,"valueName":"search_term_string"}}],"inLanguage":"en-GB"}]}},"_links":{"self":[{"href":"https:\/\/bruklene.com\/en\/wp-json\/wp\/v2\/product\/6082","targetHints":{"allow":["GET"]}}],"collection":[{"href":"https:\/\/bruklene.com\/en\/wp-json\/wp\/v2\/product"}],"about":[{"href":"https:\/\/bruklene.com\/en\/wp-json\/wp\/v2\/types\/product"}],"replies":[{"embeddable":true,"href":"https:\/\/bruklene.com\/en\/wp-json\/wp\/v2\/comments?post=6082"}],"wp:featuredmedia":[{"embeddable":true,"href":"https:\/\/bruklene.com\/en\/wp-json\/wp\/v2\/media\/6085"}],"wp:attachment":[{"href":"https:\/\/bruklene.com\/en\/wp-json\/wp\/v2\/media?parent=6082"}],"wp:term":[{"taxonomy":"product_brand","embeddable":true,"href":"https:\/\/bruklene.com\/en\/wp-json\/wp\/v2\/product_brand?post=6082"},{"taxonomy":"product_cat","embeddable":true,"href":"https:\/\/bruklene.com\/en\/wp-json\/wp\/v2\/product_cat?post=6082"},{"taxonomy":"product_tag","embeddable":true,"href":"https:\/\/bruklene.com\/en\/wp-json\/wp\/v2\/product_tag?post=6082"}],"curies":[{"name":"wp","href":"https:\/\/api.w.org\/{rel}","templated":true}]}}