{"id":6115,"date":"2024-11-21T14:31:01","date_gmt":"2024-11-21T12:31:01","guid":{"rendered":"https:\/\/bruklene.com\/?post_type=product&#038;p=6115"},"modified":"2024-11-21T14:37:28","modified_gmt":"2024-11-21T12:37:28","slug":"servejamais-delitis","status":"publish","type":"product","link":"https:\/\/bruklene.com\/en\/veikals\/servejamais-delitis\/","title":{"rendered":"Personalized Serving Board"},"content":{"rendered":"","protected":false},"excerpt":{"rendered":"<p>This oak serving placemat will serve perfectly as a personalized snack or cake plate, as well as a base for candles or other table decorations.<\/p>\n<p>Size: 20x20x2cm.<\/p>","protected":false},"featured_media":6144,"comment_status":"closed","ping_status":"closed","template":"","meta":[],"product_brand":[],"product_cat":[89],"product_tag":[],"class_list":{"0":"post-6115","1":"product","2":"type-product","3":"status-publish","4":"has-post-thumbnail","6":"product_cat-dekorativie","8":"first","9":"instock","10":"shipping-taxable","11":"purchasable","12":"product-type-variable"},"yoast_head":"<!-- This site is optimized with the Yoast SEO plugin v27.3 - https:\/\/yoast.com\/product\/yoast-seo-wordpress\/ -->\n<title>Serv\u0113jamais d\u0113l\u012btis - BR\u016aKLENE Woodworks<\/title>\n<meta name=\"robots\" content=\"index, follow, max-snippet:-1, max-image-preview:large, max-video-preview:-1\" \/>\n<link rel=\"canonical\" href=\"https:\/\/bruklene.com\/en\/veikals\/servejamais-delitis\/\" \/>\n<meta property=\"og:locale\" content=\"en_GB\" \/>\n<meta property=\"og:type\" content=\"article\" \/>\n<meta property=\"og:title\" content=\"Serv\u0113jamais d\u0113l\u012btis - BR\u016aKLENE Woodworks\" \/>\n<meta property=\"og:description\" content=\"\u0160is ozolkoka serv\u0113jamais paliktnis lieliski kalpos k\u0101 personaliz\u0113ts uzkodu vai k\u016bku \u0161\u0137\u012bvis, t\u0101pat ar\u012b k\u0101 paliktnis svecei vai citiem galda dekoriem.  Izm\u0113rs 20x20x2cm.\" \/>\n<meta property=\"og:url\" content=\"https:\/\/bruklene.com\/en\/veikals\/servejamais-delitis\/\" \/>\n<meta property=\"og:site_name\" content=\"BR\u016aKLENE Woodworks\" \/>\n<meta property=\"article:modified_time\" content=\"2024-11-21T12:37:28+00:00\" \/>\n<meta property=\"og:image\" content=\"https:\/\/bruklene.com\/wp-content\/uploads\/2024\/11\/Bruklene_paliktnis_4.jpg\" \/>\n\t<meta property=\"og:image:width\" content=\"1080\" \/>\n\t<meta property=\"og:image:height\" content=\"1350\" \/>\n\t<meta property=\"og:image:type\" content=\"image\/jpeg\" \/>\n<meta name=\"twitter:card\" content=\"summary_large_image\" \/>\n<meta name=\"twitter:label1\" content=\"Estimated reading time\" \/>\n\t<meta name=\"twitter:data1\" content=\"1 minute\" \/>\n<script type=\"application\/ld+json\" class=\"yoast-schema-graph\">{\"@context\":\"https:\\\/\\\/schema.org\",\"@graph\":[{\"@type\":\"WebPage\",\"@id\":\"https:\\\/\\\/bruklene.com\\\/veikals\\\/servejamais-delitis\\\/\",\"url\":\"https:\\\/\\\/bruklene.com\\\/veikals\\\/servejamais-delitis\\\/\",\"name\":\"Serv\u0113jamais d\u0113l\u012btis - BR\u016aKLENE Woodworks\",\"isPartOf\":{\"@id\":\"https:\\\/\\\/bruklene.com\\\/#website\"},\"primaryImageOfPage\":{\"@id\":\"https:\\\/\\\/bruklene.com\\\/veikals\\\/servejamais-delitis\\\/#primaryimage\"},\"image\":{\"@id\":\"https:\\\/\\\/bruklene.com\\\/veikals\\\/servejamais-delitis\\\/#primaryimage\"},\"thumbnailUrl\":\"https:\\\/\\\/bruklene.com\\\/wp-content\\\/uploads\\\/2024\\\/11\\\/Bruklene_paliktnis_4.jpg\",\"datePublished\":\"2024-11-21T12:31:01+00:00\",\"dateModified\":\"2024-11-21T12:37:28+00:00\",\"breadcrumb\":{\"@id\":\"https:\\\/\\\/bruklene.com\\\/veikals\\\/servejamais-delitis\\\/#breadcrumb\"},\"inLanguage\":\"en-GB\",\"potentialAction\":[{\"@type\":\"ReadAction\",\"target\":[\"https:\\\/\\\/bruklene.com\\\/veikals\\\/servejamais-delitis\\\/\"]}]},{\"@type\":\"ImageObject\",\"inLanguage\":\"en-GB\",\"@id\":\"https:\\\/\\\/bruklene.com\\\/veikals\\\/servejamais-delitis\\\/#primaryimage\",\"url\":\"https:\\\/\\\/bruklene.com\\\/wp-content\\\/uploads\\\/2024\\\/11\\\/Bruklene_paliktnis_4.jpg\",\"contentUrl\":\"https:\\\/\\\/bruklene.com\\\/wp-content\\\/uploads\\\/2024\\\/11\\\/Bruklene_paliktnis_4.jpg\",\"width\":1080,\"height\":1350},{\"@type\":\"BreadcrumbList\",\"@id\":\"https:\\\/\\\/bruklene.com\\\/veikals\\\/servejamais-delitis\\\/#breadcrumb\",\"itemListElement\":[{\"@type\":\"ListItem\",\"position\":1,\"name\":\"Home\",\"item\":\"https:\\\/\\\/bruklene.com\\\/\"},{\"@type\":\"ListItem\",\"position\":2,\"name\":\"Veikals\",\"item\":\"https:\\\/\\\/bruklene.com\\\/veikals\\\/\"},{\"@type\":\"ListItem\",\"position\":3,\"name\":\"Serv\u0113jamais d\u0113l\u012btis\"}]},{\"@type\":\"WebSite\",\"@id\":\"https:\\\/\\\/bruklene.com\\\/#website\",\"url\":\"https:\\\/\\\/bruklene.com\\\/\",\"name\":\"BR\u016aKLENE\",\"description\":\"Ozolkoka virtuves d\u0113l\u012b\u0161i\",\"potentialAction\":[{\"@type\":\"SearchAction\",\"target\":{\"@type\":\"EntryPoint\",\"urlTemplate\":\"https:\\\/\\\/bruklene.com\\\/?s={search_term_string}\"},\"query-input\":{\"@type\":\"PropertyValueSpecification\",\"valueRequired\":true,\"valueName\":\"search_term_string\"}}],\"inLanguage\":\"en-GB\"}]}<\/script>\n<!-- \/ Yoast SEO plugin. -->","yoast_head_json":{"title":"Serv\u0113jamais d\u0113l\u012btis - BR\u016aKLENE Woodworks","robots":{"index":"index","follow":"follow","max-snippet":"max-snippet:-1","max-image-preview":"max-image-preview:large","max-video-preview":"max-video-preview:-1"},"canonical":"https:\/\/bruklene.com\/en\/veikals\/servejamais-delitis\/","og_locale":"en_GB","og_type":"article","og_title":"Serv\u0113jamais d\u0113l\u012btis - BR\u016aKLENE Woodworks","og_description":"\u0160is ozolkoka serv\u0113jamais paliktnis lieliski kalpos k\u0101 personaliz\u0113ts uzkodu vai k\u016bku \u0161\u0137\u012bvis, t\u0101pat ar\u012b k\u0101 paliktnis svecei vai citiem galda dekoriem.  Izm\u0113rs 20x20x2cm.","og_url":"https:\/\/bruklene.com\/en\/veikals\/servejamais-delitis\/","og_site_name":"BR\u016aKLENE Woodworks","article_modified_time":"2024-11-21T12:37:28+00:00","og_image":[{"width":1080,"height":1350,"url":"https:\/\/bruklene.com\/wp-content\/uploads\/2024\/11\/Bruklene_paliktnis_4.jpg","type":"image\/jpeg"}],"twitter_card":"summary_large_image","twitter_misc":{"Estimated reading time":"1 minute"},"schema":{"@context":"https:\/\/schema.org","@graph":[{"@type":"WebPage","@id":"https:\/\/bruklene.com\/veikals\/servejamais-delitis\/","url":"https:\/\/bruklene.com\/veikals\/servejamais-delitis\/","name":"Serv\u0113jamais d\u0113l\u012btis - BR\u016aKLENE Woodworks","isPartOf":{"@id":"https:\/\/bruklene.com\/#website"},"primaryImageOfPage":{"@id":"https:\/\/bruklene.com\/veikals\/servejamais-delitis\/#primaryimage"},"image":{"@id":"https:\/\/bruklene.com\/veikals\/servejamais-delitis\/#primaryimage"},"thumbnailUrl":"https:\/\/bruklene.com\/wp-content\/uploads\/2024\/11\/Bruklene_paliktnis_4.jpg","datePublished":"2024-11-21T12:31:01+00:00","dateModified":"2024-11-21T12:37:28+00:00","breadcrumb":{"@id":"https:\/\/bruklene.com\/veikals\/servejamais-delitis\/#breadcrumb"},"inLanguage":"en-GB","potentialAction":[{"@type":"ReadAction","target":["https:\/\/bruklene.com\/veikals\/servejamais-delitis\/"]}]},{"@type":"ImageObject","inLanguage":"en-GB","@id":"https:\/\/bruklene.com\/veikals\/servejamais-delitis\/#primaryimage","url":"https:\/\/bruklene.com\/wp-content\/uploads\/2024\/11\/Bruklene_paliktnis_4.jpg","contentUrl":"https:\/\/bruklene.com\/wp-content\/uploads\/2024\/11\/Bruklene_paliktnis_4.jpg","width":1080,"height":1350},{"@type":"BreadcrumbList","@id":"https:\/\/bruklene.com\/veikals\/servejamais-delitis\/#breadcrumb","itemListElement":[{"@type":"ListItem","position":1,"name":"Home","item":"https:\/\/bruklene.com\/"},{"@type":"ListItem","position":2,"name":"Veikals","item":"https:\/\/bruklene.com\/veikals\/"},{"@type":"ListItem","position":3,"name":"Serv\u0113jamais d\u0113l\u012btis"}]},{"@type":"WebSite","@id":"https:\/\/bruklene.com\/#website","url":"https:\/\/bruklene.com\/","name":"BR\u016aKLENE","description":"Ozolkoka virtuves d\u0113l\u012b\u0161i","potentialAction":[{"@type":"SearchAction","target":{"@type":"EntryPoint","urlTemplate":"https:\/\/bruklene.com\/?s={search_term_string}"},"query-input":{"@type":"PropertyValueSpecification","valueRequired":true,"valueName":"search_term_string"}}],"inLanguage":"en-GB"}]}},"_links":{"self":[{"href":"https:\/\/bruklene.com\/en\/wp-json\/wp\/v2\/product\/6115","targetHints":{"allow":["GET"]}}],"collection":[{"href":"https:\/\/bruklene.com\/en\/wp-json\/wp\/v2\/product"}],"about":[{"href":"https:\/\/bruklene.com\/en\/wp-json\/wp\/v2\/types\/product"}],"replies":[{"embeddable":true,"href":"https:\/\/bruklene.com\/en\/wp-json\/wp\/v2\/comments?post=6115"}],"wp:featuredmedia":[{"embeddable":true,"href":"https:\/\/bruklene.com\/en\/wp-json\/wp\/v2\/media\/6144"}],"wp:attachment":[{"href":"https:\/\/bruklene.com\/en\/wp-json\/wp\/v2\/media?parent=6115"}],"wp:term":[{"taxonomy":"product_brand","embeddable":true,"href":"https:\/\/bruklene.com\/en\/wp-json\/wp\/v2\/product_brand?post=6115"},{"taxonomy":"product_cat","embeddable":true,"href":"https:\/\/bruklene.com\/en\/wp-json\/wp\/v2\/product_cat?post=6115"},{"taxonomy":"product_tag","embeddable":true,"href":"https:\/\/bruklene.com\/en\/wp-json\/wp\/v2\/product_tag?post=6115"}],"curies":[{"name":"wp","href":"https:\/\/api.w.org\/{rel}","templated":true}]}}